{"id":237,"date":"2021-09-06T13:42:10","date_gmt":"2021-09-06T11:42:10","guid":{"rendered":"https:\/\/nanovibes.c2n.universite-paris-saclay.fr\/?page_id=237"},"modified":"2022-11-14T22:16:25","modified_gmt":"2022-11-14T21:16:25","slug":"gemac-groupe-detude-de-la-matiere-condensee","status":"publish","type":"page","link":"https:\/\/nanovibes.c2n.universite-paris-saclay.fr\/?page_id=237","title":{"rendered":"GEMAC &#8211; Groupe d\u2019\u00c9tude de la Mati\u00e8re Condens\u00e9e"},"content":{"rendered":"\n<figure class=\"wp-block-image size-large is-resized\"><a href=\"https:\/\/www.gemac.uvsq.fr\/le-gemac\"><img loading=\"lazy\" src=\"https:\/\/nanovibes.c2n.universite-paris-saclay.fr\/wp-content\/uploads\/2021\/09\/logo-gemac-2020-1024x443.jpg\" alt=\"\" class=\"wp-image-238\" width=\"361\" height=\"156\" srcset=\"https:\/\/nanovibes.c2n.universite-paris-saclay.fr\/wp-content\/uploads\/2021\/09\/logo-gemac-2020-1024x443.jpg 1024w, https:\/\/nanovibes.c2n.universite-paris-saclay.fr\/wp-content\/uploads\/2021\/09\/logo-gemac-2020-300x130.jpg 300w, https:\/\/nanovibes.c2n.universite-paris-saclay.fr\/wp-content\/uploads\/2021\/09\/logo-gemac-2020-768x333.jpg 768w, https:\/\/nanovibes.c2n.universite-paris-saclay.fr\/wp-content\/uploads\/2021\/09\/logo-gemac-2020.jpg 1524w\" sizes=\"(max-width: 361px) 100vw, 361px\" \/><\/a><\/figure>\n\n\n\n<div class=\"wp-block-image\"><figure class=\"aligncenter size-large\"><img loading=\"lazy\" width=\"1024\" height=\"712\" src=\"https:\/\/nanovibes.c2n.universite-paris-saclay.fr\/wp-content\/uploads\/2022\/11\/GEMAC-description-1024x712.jpg\" alt=\"\" class=\"wp-image-283\" srcset=\"https:\/\/nanovibes.c2n.universite-paris-saclay.fr\/wp-content\/uploads\/2022\/11\/GEMAC-description-1024x712.jpg 1024w, https:\/\/nanovibes.c2n.universite-paris-saclay.fr\/wp-content\/uploads\/2022\/11\/GEMAC-description-300x209.jpg 300w, https:\/\/nanovibes.c2n.universite-paris-saclay.fr\/wp-content\/uploads\/2022\/11\/GEMAC-description-768x534.jpg 768w, https:\/\/nanovibes.c2n.universite-paris-saclay.fr\/wp-content\/uploads\/2022\/11\/GEMAC-description-1536x1068.jpg 1536w, https:\/\/nanovibes.c2n.universite-paris-saclay.fr\/wp-content\/uploads\/2022\/11\/GEMAC-description-392x272.jpg 392w, https:\/\/nanovibes.c2n.universite-paris-saclay.fr\/wp-content\/uploads\/2022\/11\/GEMAC-description-130x90.jpg 130w, https:\/\/nanovibes.c2n.universite-paris-saclay.fr\/wp-content\/uploads\/2022\/11\/GEMAC-description.jpg 1631w\" sizes=\"(max-width: 1024px) 100vw, 1024px\" \/><\/figure><\/div>\n","protected":false},"excerpt":{"rendered":"","protected":false},"author":2,"featured_media":0,"parent":0,"menu_order":0,"comment_status":"closed","ping_status":"closed","template":"","meta":[],"_links":{"self":[{"href":"https:\/\/nanovibes.c2n.universite-paris-saclay.fr\/index.php?rest_route=\/wp\/v2\/pages\/237"}],"collection":[{"href":"https:\/\/nanovibes.c2n.universite-paris-saclay.fr\/index.php?rest_route=\/wp\/v2\/pages"}],"about":[{"href":"https:\/\/nanovibes.c2n.universite-paris-saclay.fr\/index.php?rest_route=\/wp\/v2\/types\/page"}],"author":[{"embeddable":true,"href":"https:\/\/nanovibes.c2n.universite-paris-saclay.fr\/index.php?rest_route=\/wp\/v2\/users\/2"}],"replies":[{"embeddable":true,"href":"https:\/\/nanovibes.c2n.universite-paris-saclay.fr\/index.php?rest_route=%2Fwp%2Fv2%2Fcomments&post=237"}],"version-history":[{"count":2,"href":"https:\/\/nanovibes.c2n.universite-paris-saclay.fr\/index.php?rest_route=\/wp\/v2\/pages\/237\/revisions"}],"predecessor-version":[{"id":284,"href":"https:\/\/nanovibes.c2n.universite-paris-saclay.fr\/index.php?rest_route=\/wp\/v2\/pages\/237\/revisions\/284"}],"wp:attachment":[{"href":"https:\/\/nanovibes.c2n.universite-paris-saclay.fr\/index.php?rest_route=%2Fwp%2Fv2%2Fmedia&parent=237"}],"curies":[{"name":"wp","href":"https:\/\/api.w.org\/{rel}","templated":true}]}}