{"id":224,"date":"2021-09-06T13:27:54","date_gmt":"2021-09-06T11:27:54","guid":{"rendered":"https:\/\/nanovibes.c2n.universite-paris-saclay.fr\/?page_id=224"},"modified":"2022-11-16T23:13:11","modified_gmt":"2022-11-16T22:13:11","slug":"publications","status":"publish","type":"page","link":"https:\/\/nanovibes.c2n.universite-paris-saclay.fr\/?page_id=224","title":{"rendered":"Publications"},"content":{"rendered":"\n<p><strong><em>2022<\/em><\/strong><\/p>\n\n\n\n<p><strong><em>&#8211; Multifunctional Properties of Polyvinylidene-Fluoride-Based Materials: From Energy Harvesting to Energy Storage<\/em><\/strong>, <em>Matthieu Fricaudet, Katarina \u017diberna, Samir Salmanov, Jens Kreisel, Delong He, Brahim Dkhil, Tadej Rojac, Mojca Otoni\u010dar, Pierre-Eymeric Janolin, and Andra\u017e Brade\u0161ko<\/em><strong>,<\/strong><strong>\u00a0 ACS Appl. Electron. Mater. 2022 &#8211; <\/strong><a href=\"https:\/\/doi.org\/10.1021\/acsaelm.2c01091\">https:\/\/doi.org\/10.1021\/acsaelm.2c01091<\/a><\/p>\n\n\n\n<p><strong><em>&#8211; Electromechanical conversion efficiency of GaN NWs: critical influence of the NW stiffness, the Schottky nano-contact and the surface \u00a0 charge effects<\/em><\/strong>, <em>Noelle Gogneau, Pascal Chr\u00e9tien, Tanbir Sodhi, Laurent Couraud, Laetitia Leroy, Laurent Travers, Jean-Chistophe Harmand, Fran\u00e7ois H. Julien,\u00a0 Maria Tchernycheva and Fr\u00e9d\u00e9ric Houz\u00e9<\/em>. <strong>Nanoscale, 14 (2022) 4965 &#8211; <\/strong><a href=\"https:\/\/doi.org\/10.1039\/D1NR07863A\">https:\/\/doi.org\/10.1039\/D1NR07863A<\/a><\/p>\n\n\n\n<p><strong><em>&#8211; Molecular dynamics between amorphous and crystalline phases of e-beam irradiated piezoelectric PVDF thin films employing solid-\u00a0 state NMR spectroscopy, <\/em><\/strong><em>Natalia Potrzebowska, Olivier Cavani, Slawomir Kazmierski, Jean-Eric Wegrowe, Marek J. Potrzebowski, Marie-Claude Clochard<\/em>, <strong>\u00a0 Polymer Degradation and Stability, 195 (2022) 109786 &#8211; <\/strong><a href=\"https:\/\/doi.org\/10.1016\/j.polymdegradstab.2021.109786\">https:\/\/doi.org\/10.1016\/j.polymdegradstab.2021.109786<\/a><\/p>\n\n\n\n<p><\/p>\n\n\n\n<p><strong><em>2021<\/em><\/strong><\/p>\n\n\n\n<p><strong><em>&#8211; Mixing nanostructured Ni\/piezoPVDF composite thin films with e-beam irradiation: A beneficial synergy to piezoelectric response<\/em><\/strong>, <em>Natalia Potrzebowska, Olivier Cavani, Ozlem Oral, Olivier Doar\u00e9, Giuseppe Melilli, Jean-Eric Wegrowe, Marie-Claude Clochard<\/em><strong>\u00a0, Materials Today Communications 28 (2021) 102528 &#8211; <\/strong><a href=\"https:\/\/doi.org\/10.1016\/j.mtcomm.2021.102528\">https:\/\/doi.org\/10.1016\/j.mtcomm.2021.102528<\/a><\/p>\n\n\n\n<p><\/p>\n\n\n\n<p><strong><em>2020<\/em><\/strong><\/p>\n\n\n\n<p><strong><em>&#8211; Local Immiscibility Control on Shape and Size of Nano-objects in the Solvo-Thermal Process: Implications for Ferroelectric \u00a0 Nanoparticles<\/em><\/strong>, <em>Christine Bogicevic and Pierre-Eymeric Janolin<\/em><strong>\u00a0, ACS Appl. Nano Mater. 3 (2020), 3, 10739 &#8211; <\/strong><a href=\"https:\/\/doi.org\/10.1021\/acsanm.0c02010\">https:\/\/doi.org\/10.1021\/acsanm.0c02010<\/a><\/p>\n","protected":false},"excerpt":{"rendered":"<p>2022 &#8211; Multifunctional Properties of Polyvinylidene-Fluoride-Based Materials: From Energy Harvesting to Energy Storage, Matthieu Fricaudet, Katarina \u017diberna, Samir Salmanov, Jens<\/p>\n","protected":false},"author":2,"featured_media":0,"parent":0,"menu_order":0,"comment_status":"closed","ping_status":"closed","template":"","meta":[],"_links":{"self":[{"href":"https:\/\/nanovibes.c2n.universite-paris-saclay.fr\/index.php?rest_route=\/wp\/v2\/pages\/224"}],"collection":[{"href":"https:\/\/nanovibes.c2n.universite-paris-saclay.fr\/index.php?rest_route=\/wp\/v2\/pages"}],"about":[{"href":"https:\/\/nanovibes.c2n.universite-paris-saclay.fr\/index.php?rest_route=\/wp\/v2\/types\/page"}],"author":[{"embeddable":true,"href":"https:\/\/nanovibes.c2n.universite-paris-saclay.fr\/index.php?rest_route=\/wp\/v2\/users\/2"}],"replies":[{"embeddable":true,"href":"https:\/\/nanovibes.c2n.universite-paris-saclay.fr\/index.php?rest_route=%2Fwp%2Fv2%2Fcomments&post=224"}],"version-history":[{"count":2,"href":"https:\/\/nanovibes.c2n.universite-paris-saclay.fr\/index.php?rest_route=\/wp\/v2\/pages\/224\/revisions"}],"predecessor-version":[{"id":313,"href":"https:\/\/nanovibes.c2n.universite-paris-saclay.fr\/index.php?rest_route=\/wp\/v2\/pages\/224\/revisions\/313"}],"wp:attachment":[{"href":"https:\/\/nanovibes.c2n.universite-paris-saclay.fr\/index.php?rest_route=%2Fwp%2Fv2%2Fmedia&parent=224"}],"curies":[{"name":"wp","href":"https:\/\/api.w.org\/{rel}","templated":true}]}}